{"id":66,"date":"2022-01-19T14:28:16","date_gmt":"2022-01-19T17:28:16","guid":{"rendered":"https:\/\/laubijou.store\/lau\/?post_type=product&#038;p=66"},"modified":"2023-11-13T09:49:16","modified_gmt":"2023-11-13T12:49:16","slug":"relicario-circular-con-impresion-de-fotografias-incluida","status":"publish","type":"product","link":"https:\/\/laubijou.store\/lau\/producto\/relicario-circular-con-impresion-de-fotografias-incluida\/","title":{"rendered":"Relicario circular  de 4 cms \u00d8, con cadena e impresi\u00f3n de fotograf\u00edas inclu\u00edda"},"content":{"rendered":"<p>Relicario circular de 4 cms de di\u00e1metro, con impresi\u00f3n de fotograf\u00edas de ambas caras <em><strong>inclu\u00eddas (papel Kodak). <\/strong><\/em>Adem\u00e1s incluye cadena. Opcional: <strong><em><a href=\"https:\/\/laubijou.store\/lau\/producto\/estuche-para-relicario\/\">estuche para regalo (no inclu\u00eddo en el precio de la descripci\u00f3n)<\/a><\/em><\/strong><\/p>\n","protected":false},"excerpt":{"rendered":"<p>Relicario circular de 4 cms de di\u00e1metro, con impresi\u00f3n de fotograf\u00edas de ambas caras inclu\u00eddas (papel Kodak). Adem\u00e1s incluye cadena. Opcional: estuche para regalo (no inclu\u00eddo en el precio de la descripci\u00f3n)<\/p>\n","protected":false},"featured_media":118,"template":"","meta":{"_joinchat":[]},"product_brand":[],"product_cat":[32,24],"product_tag":[21],"class_list":{"0":"post-66","1":"product","2":"type-product","3":"status-publish","4":"has-post-thumbnail","6":"product_cat-destacados","7":"product_cat-relicarios","8":"product_tag-relicarios","10":"first","11":"outofstock","12":"shipping-taxable","13":"purchasable","14":"product-type-simple"},"jetpack_sharing_enabled":true,"_links":{"self":[{"href":"https:\/\/laubijou.store\/lau\/wp-json\/wp\/v2\/product\/66","targetHints":{"allow":["GET"]}}],"collection":[{"href":"https:\/\/laubijou.store\/lau\/wp-json\/wp\/v2\/product"}],"about":[{"href":"https:\/\/laubijou.store\/lau\/wp-json\/wp\/v2\/types\/product"}],"wp:featuredmedia":[{"embeddable":true,"href":"https:\/\/laubijou.store\/lau\/wp-json\/wp\/v2\/media\/118"}],"wp:attachment":[{"href":"https:\/\/laubijou.store\/lau\/wp-json\/wp\/v2\/media?parent=66"}],"wp:term":[{"taxonomy":"product_brand","embeddable":true,"href":"https:\/\/laubijou.store\/lau\/wp-json\/wp\/v2\/product_brand?post=66"},{"taxonomy":"product_cat","embeddable":true,"href":"https:\/\/laubijou.store\/lau\/wp-json\/wp\/v2\/product_cat?post=66"},{"taxonomy":"product_tag","embeddable":true,"href":"https:\/\/laubijou.store\/lau\/wp-json\/wp\/v2\/product_tag?post=66"}],"curies":[{"name":"wp","href":"https:\/\/api.w.org\/{rel}","templated":true}]}}