{"id":2918,"date":"2024-12-12T20:15:20","date_gmt":"2024-12-12T23:15:20","guid":{"rendered":"https:\/\/laubijou.store\/lau\/?post_type=product&#038;p=2918"},"modified":"2024-12-12T20:15:21","modified_gmt":"2024-12-12T23:15:21","slug":"cadena-tourbillon-50-cms-x-50-mm-o","status":"publish","type":"product","link":"https:\/\/laubijou.store\/lau\/producto\/cadena-tourbillon-50-cms-x-50-mm-o\/","title":{"rendered":"Cadena Tourbill\u00f3n 50 cms x 50 mm \u00d8"},"content":{"rendered":"<p>Cadena Tourbill\u00f3n 50 cms x 50 mm \u00d8. C.g. 2251<\/p>\n","protected":false},"excerpt":{"rendered":"<p>Cadena Tourbill\u00f3n 50 cms x 50 mm \u00d8. C.g. 2251<\/p>\n","protected":false},"featured_media":2919,"template":"","meta":{"_joinchat":[]},"product_brand":[],"product_cat":[26],"product_tag":[19],"class_list":{"0":"post-2918","1":"product","2":"type-product","3":"status-publish","4":"has-post-thumbnail","6":"product_cat-cadenitas","7":"product_tag-cadenitas","9":"first","10":"instock","11":"shipping-taxable","12":"purchasable","13":"product-type-simple"},"jetpack_sharing_enabled":true,"_links":{"self":[{"href":"https:\/\/laubijou.store\/lau\/wp-json\/wp\/v2\/product\/2918","targetHints":{"allow":["GET"]}}],"collection":[{"href":"https:\/\/laubijou.store\/lau\/wp-json\/wp\/v2\/product"}],"about":[{"href":"https:\/\/laubijou.store\/lau\/wp-json\/wp\/v2\/types\/product"}],"wp:featuredmedia":[{"embeddable":true,"href":"https:\/\/laubijou.store\/lau\/wp-json\/wp\/v2\/media\/2919"}],"wp:attachment":[{"href":"https:\/\/laubijou.store\/lau\/wp-json\/wp\/v2\/media?parent=2918"}],"wp:term":[{"taxonomy":"product_brand","embeddable":true,"href":"https:\/\/laubijou.store\/lau\/wp-json\/wp\/v2\/product_brand?post=2918"},{"taxonomy":"product_cat","embeddable":true,"href":"https:\/\/laubijou.store\/lau\/wp-json\/wp\/v2\/product_cat?post=2918"},{"taxonomy":"product_tag","embeddable":true,"href":"https:\/\/laubijou.store\/lau\/wp-json\/wp\/v2\/product_tag?post=2918"}],"curies":[{"name":"wp","href":"https:\/\/api.w.org\/{rel}","templated":true}]}}