{"id":2534,"date":"2024-07-27T18:03:35","date_gmt":"2024-07-27T21:03:35","guid":{"rendered":"https:\/\/laubijou.store\/lau\/?post_type=product&#038;p=2534"},"modified":"2025-07-25T17:15:38","modified_gmt":"2025-07-25T20:15:38","slug":"aros-delfin-argollas-4-cms-o","status":"publish","type":"product","link":"https:\/\/laubijou.store\/lau\/producto\/aros-delfin-argollas-4-cms-o\/","title":{"rendered":"Aros Delf\u00edn + argollas 4 cms \u00f8"},"content":{"rendered":"<p>Aros Delf\u00edn + argollas 4 cms \u00f8 &#8211; C. LBg 90002<\/p>\n","protected":false},"excerpt":{"rendered":"<p>Aros Delf\u00edn + argollas 4 cms \u00f8 &#8211; C. LBg 90002<\/p>\n","protected":false},"featured_media":2535,"template":"","meta":{"_joinchat":[]},"product_brand":[],"product_cat":[22],"product_tag":[17],"class_list":{"0":"post-2534","1":"product","2":"type-product","3":"status-publish","4":"has-post-thumbnail","6":"product_cat-aros","7":"product_tag-aros","9":"first","10":"instock","11":"shipping-taxable","12":"purchasable","13":"product-type-simple"},"jetpack_sharing_enabled":true,"_links":{"self":[{"href":"https:\/\/laubijou.store\/lau\/wp-json\/wp\/v2\/product\/2534","targetHints":{"allow":["GET"]}}],"collection":[{"href":"https:\/\/laubijou.store\/lau\/wp-json\/wp\/v2\/product"}],"about":[{"href":"https:\/\/laubijou.store\/lau\/wp-json\/wp\/v2\/types\/product"}],"wp:featuredmedia":[{"embeddable":true,"href":"https:\/\/laubijou.store\/lau\/wp-json\/wp\/v2\/media\/2535"}],"wp:attachment":[{"href":"https:\/\/laubijou.store\/lau\/wp-json\/wp\/v2\/media?parent=2534"}],"wp:term":[{"taxonomy":"product_brand","embeddable":true,"href":"https:\/\/laubijou.store\/lau\/wp-json\/wp\/v2\/product_brand?post=2534"},{"taxonomy":"product_cat","embeddable":true,"href":"https:\/\/laubijou.store\/lau\/wp-json\/wp\/v2\/product_cat?post=2534"},{"taxonomy":"product_tag","embeddable":true,"href":"https:\/\/laubijou.store\/lau\/wp-json\/wp\/v2\/product_tag?post=2534"}],"curies":[{"name":"wp","href":"https:\/\/api.w.org\/{rel}","templated":true}]}}