{"id":1045,"date":"2022-10-05T19:40:22","date_gmt":"2022-10-05T22:40:22","guid":{"rendered":"https:\/\/laubijou.store\/lau\/?post_type=product&#038;p=1045"},"modified":"2024-08-02T10:28:10","modified_gmt":"2024-08-02T13:28:10","slug":"relicario-corazon-calado-con-cadena-e-impresion-de-fotografia-incluida","status":"publish","type":"product","link":"https:\/\/laubijou.store\/lau\/producto\/relicario-corazon-calado-con-cadena-e-impresion-de-fotografia-incluida\/","title":{"rendered":"Relicario \u00abCoraz\u00f3n\u00bb calado con cadena e impresi\u00f3n de fotograf\u00eda inclu\u00edda"},"content":{"rendered":"<p>Relicario \u00abCoraz\u00f3n\u00bb calado, con impresi\u00f3n de fotograf\u00eda <em><strong>inclu\u00edda (papel Kodak). <\/strong><\/em>Adem\u00e1s incluye cadena. Opcional: <strong><em><a href=\"https:\/\/laubijou.store\/lau\/producto\/estuche-para-relicario\/\">estuche para regalo (no inclu\u00eddo en el precio de la descripci\u00f3n)<\/a><\/em><\/strong><\/p>\n<p><iframe loading=\"lazy\" title=\"Relicario Coraz\u00f3n Calado\" width=\"980\" height=\"551\" src=\"https:\/\/www.youtube.com\/embed\/Jc6DViAY3j4?feature=oembed\" frameborder=\"0\" allow=\"accelerometer; autoplay; clipboard-write; encrypted-media; gyroscope; picture-in-picture; web-share\" referrerpolicy=\"strict-origin-when-cross-origin\" allowfullscreen><\/iframe><\/p>\n","protected":false},"excerpt":{"rendered":"<p>Relicario \u00abCoraz\u00f3n\u00bb calado, con impresi\u00f3n de fotograf\u00eda inclu\u00edda (papel Kodak). Adem\u00e1s incluye cadena. Opcional: estuche para regalo (no inclu\u00eddo en el precio de la descripci\u00f3n)<\/p>\n","protected":false},"featured_media":1046,"template":"","meta":{"_joinchat":[]},"product_brand":[],"product_cat":[24],"product_tag":[21],"class_list":{"0":"post-1045","1":"product","2":"type-product","3":"status-publish","4":"has-post-thumbnail","6":"product_cat-relicarios","7":"product_tag-relicarios","9":"first","10":"instock","11":"shipping-taxable","12":"purchasable","13":"product-type-simple"},"jetpack_sharing_enabled":true,"_links":{"self":[{"href":"https:\/\/laubijou.store\/lau\/wp-json\/wp\/v2\/product\/1045","targetHints":{"allow":["GET"]}}],"collection":[{"href":"https:\/\/laubijou.store\/lau\/wp-json\/wp\/v2\/product"}],"about":[{"href":"https:\/\/laubijou.store\/lau\/wp-json\/wp\/v2\/types\/product"}],"wp:featuredmedia":[{"embeddable":true,"href":"https:\/\/laubijou.store\/lau\/wp-json\/wp\/v2\/media\/1046"}],"wp:attachment":[{"href":"https:\/\/laubijou.store\/lau\/wp-json\/wp\/v2\/media?parent=1045"}],"wp:term":[{"taxonomy":"product_brand","embeddable":true,"href":"https:\/\/laubijou.store\/lau\/wp-json\/wp\/v2\/product_brand?post=1045"},{"taxonomy":"product_cat","embeddable":true,"href":"https:\/\/laubijou.store\/lau\/wp-json\/wp\/v2\/product_cat?post=1045"},{"taxonomy":"product_tag","embeddable":true,"href":"https:\/\/laubijou.store\/lau\/wp-json\/wp\/v2\/product_tag?post=1045"}],"curies":[{"name":"wp","href":"https:\/\/api.w.org\/{rel}","templated":true}]}}